{"id":2234,"date":"2019-05-11T06:50:37","date_gmt":"2019-05-11T04:50:37","guid":{"rendered":"https:\/\/wannahop.es\/politica-de-privacidad\/"},"modified":"2024-09-27T13:44:37","modified_gmt":"2024-09-27T11:44:37","slug":"politica-de-privacidad","status":"publish","type":"page","link":"https:\/\/wannahop.es\/en\/politica-de-privacidad\/","title":{"rendered":"Privacy Politicy"},"content":{"rendered":"\n<p>En cumplimiento de la y la Ley Org\u00e1nica de Protecci\u00f3n de Datos y Garant\u00eda de Derechos Digitales y del Reglamento (UE) 2016\/679, del Parlamento Europeo y del Consejo, de 27 de abril de 2016 (en adelante, RGPD) esta Pol\u00edtica de Privacidad se aplica a los tratamientos de datos de car\u00e1cter personal que SOLUCIONES CORPORATIVAS IP, S.L. -en adelante <strong>SCIP o WANNAHOP<\/strong>\u2013 realiza <strong>como Responsable y\/o Encargado de los mismos<\/strong>, en relaci\u00f3n con los datos que los usuarios y\/o clientes (personas f\u00edsicas) facilitan como consecuencia de la contrataci\u00f3n de los servicios que presta SCIP, (en adelante, los \u201c<strong>Servicios<\/strong>\u201d), o recabados en cualquiera de la secciones del sitio web www.wannahop.es.<\/p>\n\n\n\n<p>Si no est\u00e1 usted de acuerdo con los t\u00e9rminos de esta Pol\u00edtica, no acceda ni utilice los Servicios. Esta Pol\u00edtica de privacidad no es aplicable a ning\u00fan otro producto, servicio o actividad de terceros.<\/p>\n\n\n\n<p>SCIP advierte que, salvo la existencia de una representaci\u00f3n legalmente constituida, ning\u00fan usuario y\/o cliente puede utilizar la identidad de otra persona y comunicar sus datos personales, por lo que los datos que facilite a SCIP deben ser datos personales, correspondientes a su propia identidad, adecuados, pertinentes, actuales, exactos y verdaderos. En este sentido, el usuario y\/o cliente ser\u00e1 el \u00fanico responsable frente a cualquier da\u00f1o directo o indirecto que cause a terceros o a SCIP por el uso de datos de otra persona o de sus propios datos cuando sean falsos, err\u00f3neos, no actuales, inadecuados o no pertinentes. Igualmente, el usuario y\/o cliente que comunique los datos personales de un tercero ser\u00e1 responsable de haber recabado la autorizaci\u00f3n correspondiente del propio interesado, as\u00ed como de sus consecuencias en caso contrario.<\/p>\n\n\n\n<p>Del mismo modo, el usuario y\/o cliente que comunique datos personales a SCIP declara ser mayor de edad y tener suficiente capacidad de obrar de conformidad con lo dispuesto en la legislaci\u00f3n espa\u00f1ola. Cualquier dato facilitado sobre un menor de edad requerir\u00e1 del consentimiento o autorizaci\u00f3n previa de sus padres, tutores o representantes legales, los cuales ser\u00e1n considerados responsables de los datos facilitados por los menores a su cargo.<\/p>\n\n\n\n<h3 class=\"wp-block-heading\" id=\"politica-privacidad-responsable\">Responsable del tratamiento de sus datos<\/h3>\n\n\n\n<ul class=\"wp-block-list\">\n<li><strong>Denominaci\u00f3n Social:<\/strong> SOLUCIONES CORPORATIVAS IP, S.L., (<strong>SCIP o Wannahop<\/strong>)<\/li>\n\n\n\n<li><strong>Marca comercial:<\/strong> Wannahop<\/li>\n\n\n\n<li><strong>Domicilio Social:<\/strong> Menestrals 14, C.P. 07500 \u2013 Manacor (Illes Balears) \u2013 Espa\u00f1a<\/li>\n\n\n\n<li><strong>NIF:<\/strong> B57333601<\/li>\n\n\n\n<li><strong>Email:<\/strong> info@scip.es<\/li>\n\n\n\n<li><strong>Datos de inscripci\u00f3n:<\/strong> Inscrita en el Registro Mercantil de Baleares Tomo 2120, Libro 0, Folio 173, Hoja PM-50105.<\/li>\n<\/ul>\n\n\n\n<p>Asimismo te informamos de que contamos con un Delegado de Protecci\u00f3n de Datos Externo Designado (Art. 38 RGPD) que vela por el cumplimiento de la normativa de protecci\u00f3n de datos en SCIP. Los datos de contacto de nuestro DPD son: dpo@scip.es<\/p>\n\n\n\n<h3 class=\"wp-block-heading\" id=\"politica-privacidad-finalidad\">Finalidades del tratamiento de datos<\/h3>\n\n\n\n<p>Los datos personales que nos facilite ser\u00e1n de tipo identificativo (nombre y apellidos), datos de contacto (direcci\u00f3n, n\u00fameros de tel\u00e9fono y correo electr\u00f3nico), informaci\u00f3n del servicio por el que se interesa y otros datos de contacto o preferencias.<\/p>\n\n\n\n<p>Estos datos se utilizar\u00e1n con la finalidad gen\u00e9rica de gesti\u00f3n y control de la relaci\u00f3n contractual establecida y, espec\u00edficamente para:<\/p>\n\n\n\n<ul class=\"wp-block-list\">\n<li><strong>Gestionar el acceso, prestaci\u00f3n, gesti\u00f3n econ\u00f3mica<\/strong> y utilizaci\u00f3n correcta de los Servicios por parte de los usuarios de los mismos y, en definitiva, <strong>el mantenimiento de la relaci\u00f3n contractual<\/strong> que se establezca con el cliente, de conformidad con la naturaleza y caracter\u00edsticas de los servicios contratados.<\/li>\n\n\n\n<li>Para <strong>comunicar con los usuarios<\/strong> en respuesta a incidencias, solicitudes, comentarios y preguntas que nos realice a trav\u00e9s de los Servicios o los formularios de contacto de nuestra p\u00e1gina web (incluidos, los chats o las llamadas telef\u00f3nicas).<\/li>\n\n\n\n<li>Para proporcionar, <strong>actualizar, mantener y proteger<\/strong> los Servicios, Sitios web y actividades.<\/li>\n\n\n\n<li>Para <strong>ofrecer nuevos productos<\/strong>, servicios, ofertas especiales o actualizaciones.<\/li>\n\n\n\n<li>En su caso, <strong>gestionar procesos de selecci\u00f3n de personal<\/strong> en procesos selectivos de trabajadores y\/o colaboradores.<\/li>\n\n\n\n<li>En el caso de formularios de SCIP que los interesados cumplimenten para participar en alguna de las acciones comerciales de SCIP, la finalidad ser\u00e1 la de posibilitar dicha participaci\u00f3n.<\/li>\n\n\n\n<li><strong>Comunicaciones:<\/strong> Podremos enviarle correos electr\u00f3nicos, mensajes y otros tipos de comunicaci\u00f3n en referencia a cuestiones t\u00e9cnicas de los Servicios y cambios en los mismos. Estas comunicaciones se consideran parte de los Servicios y no puede renunciar a ellas.<\/li>\n\n\n\n<li><strong>Comunicaciones Comerciales (Marketing):<\/strong> Podremos utilizar sus datos para contactarle, tanto por v\u00eda electr\u00f3nica como no electr\u00f3nica, para realizar encuestas, obtener su opini\u00f3n sobre el servicio prestado, y, ocasionalmente, para notificarle cambios, desarrollos importantes de los servicios, ofertas y\/o promociones de nuestros servicios o de terceras empresas relacionadas con nosotros. Estas ofertas comerciales ser\u00e1n, en todo caso, <strong>autorizadas de forma expresa<\/strong> por el usuario que, puede revocar en cualquier momento su consentimiento a recibir estas notificaciones utilizando el mecanismo implementado al efecto en las mismas.<\/li>\n\n\n\n<li>En aquellos casos en que SCIP deba acceder y\/o tratar datos personales respecto de los cuales el cliente tuviera la condici\u00f3n de responsable o <strong>encargado del tratamiento<\/strong>, SCIP tratar\u00e1 dichos datos en calidad de encargado del tratamiento conforme a lo previsto en el art\u00edculo 28 del RGPD.<\/li>\n<\/ul>\n\n\n\n<p>No trataremos sus datos personales para ninguna otra finalidad m\u00e1s all\u00e1 de las descritas anteriormente salvo que venga impuesto por ley o exista alg\u00fan requerimiento judicial.<\/p>\n\n\n\n<p>Las solicitudes de informaci\u00f3n que nos haga llegar requieren que el interesado nos facilite de forma voluntaria los datos necesarios para poder atenderle o prestarle los Servicios. La obligatoriedad o necesidad de facilitarnos esos datos se se\u00f1alar\u00e1 con un asterisco (*) en los formularios o secciones correspondientes a cada servicio.<\/p>\n\n\n\n<p>No obstante, el interesado puede libremente negarse a facilitarnos esos datos o, posteriormente, revocar el consentimiento previamente otorgado para tratar sus datos, si bien esa negativa implicar\u00e1 la imposibilidad de que podamos atender su petici\u00f3n o prestarle el servicio que se trate.<\/p>\n\n\n\n<p>SCIP entiende que al facilitarnos esos datos, el interesado garantiza y se hace responsable de la veracidad, actualidad y exactitud de los mismos y que acepta y consiente expresamente en su tratamiento para las finalidades antes descritas.<\/p>\n\n\n\n<h3 class=\"wp-block-heading\" id=\"politica-privacidad-duracion\">Duraci\u00f3n del tratamiento de los datos<\/h3>\n\n\n\n<p>Los datos personales proporcionados para la gesti\u00f3n de la relaci\u00f3n con el cliente y la prestaci\u00f3n de los Servicios ser\u00e1n conservados durante todo el tiempo en que el contrato est\u00e9 vigente o la finalidad para la que se recogieron est\u00e9 vigente. Una vez finalizada dicha relaci\u00f3n, en su caso, los datos podr\u00e1n ser conservados durante el tiempo exigido por la legislaci\u00f3n aplicable y hasta que prescriban las eventuales responsabilidades derivadas del contrato o de las obligaciones legalmente asumidas por SCIP como prestador de servicios de telecomunicaciones.<\/p>\n\n\n\n<p>Los datos para la gesti\u00f3n de consultas y solicitudes se conservar\u00e1n durante el tiempo necesario para dar respuesta a los mismos, con un plazo m\u00e1ximo de un a\u00f1o.<\/p>\n\n\n\n<p>Los datos para el env\u00edo de comunicaciones comerciales de nuestros productos o servicios ser\u00e1n conservados indefinidamente hasta que, en su caso, nos manifieste su voluntad de suprimirlos.<\/p>\n\n\n\n<p>Los datos personales de las personas interesadas en la recepci\u00f3n de informaci\u00f3n sobre los Servicios se mantendr\u00e1n en el sistema de forma indefinida en tanto el interesado no solicite su supresi\u00f3n.<\/p>\n\n\n\n<p>Los datos para procesos de selecci\u00f3n ser\u00e1n conservados durante un a\u00f1o.<\/p>\n\n\n\n<h3 class=\"wp-block-heading\" id=\"politica-privacidad-legitimacion\">Legitimaci\u00f3n del tratamiento de los datos<\/h3>\n\n\n\n<p>Las bases legales para el tratamiento de los datos ser\u00e1n, en su caso, el <strong>consentimiento del interesado<\/strong> conforme al art. 6.1.a) del RGPD, la necesidad del tratamiento para <strong>la ejecuci\u00f3n de un contrato<\/strong> en el que el interesado es parte o para la aplicaci\u00f3n a petici\u00f3n de este de medidas precontractuales, conforme al art- 6.1.b) del RGPD.<\/p>\n\n\n\n<p>Igualmente, podremos tratar sus datos en base al <strong>Inter\u00e9s leg\u00edtimo<\/strong> de SCIP conforme al art. 6.1.f) del RGPD con la finalidad de mantener y fidelizar a sus clientes y\/o usuarios y atender mejor sus expectativas o intereses previamente manifestados, ej.: mejorar servicios y productos, gestionar solicitudes, consultas o reclamaciones, ofrecer productos y servicios similares a los contratados, informar sobre promociones etc., sin perjuicio del cumplimiento por parte de SCIP del resto de obligaciones relativas al env\u00edo de comunicaciones comerciales por v\u00eda electr\u00f3nica.<\/p>\n\n\n\n<h3 class=\"wp-block-heading\" id=\"politica-privacidad-destinatarios\">Destinatarios de cesiones o transferencias<\/h3>\n\n\n\n<p>Con car\u00e1cter general, SCIP no ceder\u00e1 sus datos personales a terceros salvo que estemos obligados legalmente a ello o usted nos lo haya autorizado expresamente al hacer uso de nuestros servicios.<\/p>\n\n\n\n<p>En este sentido, le informamos que para la prestaci\u00f3n de determinados servicios, tales como el registro de nombres de dominio, los datos personales del interesado podr\u00e1n ser cedidos o comunicados a la Autoridad u \u00d3rgano Nacional o Internacional Registrante competente, encargada del registro del Nombre de Dominio que se trate. En tal caso, SCIP \u00fanicamente comunica aquellos datos imprescindibles para gestionar la petici\u00f3n del interesado y prestar los servicios contratados.<\/p>\n\n\n\n<p>Puede usted consultar el listado complemento de entidades gestoras de las distintas extensiones de dominios (TLD), tanto gen\u00e9ricos como territoriales por pa\u00edses, a las que podremos comunicar sus datos personales en el siguiente enlace: <a href=\"https:\/\/www.iana.org\/domains\/root\/db\" target=\"_blank\" rel=\"noreferrer noopener\">https:\/\/www.iana.org\/domains\/root\/db<\/a>. La Internet Assigned Numbers Authority (cuyo acr\u00f3nimo es IANA) es la entidad que supervisa la asignaci\u00f3n global de direcciones IP, sistemas aut\u00f3nomos, servidores ra\u00edz de nombres de dominio DNS y otros recursos relativos a los protocolos de Internet.<\/p>\n\n\n\n<p><strong>Sistemas de informaci\u00f3n crediticia.<\/strong> SCIP informa al CLIENTE que, de conformidad con lo previsto en el Reglamento (UE) 2016\/ 679 de 27 de abril de 2016 (RGPD) relativo a la protecci\u00f3n de las personas f\u00edsicas en lo que respecta al tratamiento de datos personales y a la libre circulaci\u00f3n de estos datos, y la LOPD-GDD 3\/ 2018 de 5 de diciembre, <strong>en caso de impago o mora de algunas de las cantidades previstas en el contrato suscrito<\/strong>, sus datos personales podr\u00e1n ser incluidos en los ficheros de morosidad ICIRED, que los trataran para que puedan ser consultados por aquellas personas f\u00edsicas o jur\u00eddicas que acrediten tener un inter\u00e9s legitimo en dicha informaci\u00f3n.<\/p>\n\n\n\n<p>Al aceptar las Condiciones de los Servicios, usted consiente expresamente en estas cesiones. En caso de revocaci\u00f3n de su consentimiento no podremos seguir prest\u00e1ndole los Servicios.<\/p>\n\n\n\n<h3 class=\"wp-block-heading\" id=\"politica-privacidad-derechos\">Derechos de las personas interesadas<\/h3>\n\n\n\n<p>Cualquier persona tiene derecho a obtener confirmaci\u00f3n sobre si en SCIP se tratan datos personales que le conciernan, o no. En particular, usted puede ejercer ante SCIP los siguientes derechos:<\/p>\n\n\n\n<ul class=\"wp-block-list\">\n<li><strong>Derecho de acceso:<\/strong> permite al interesado conocer y obtener informaci\u00f3n sobre sus datos de car\u00e1cter personal sometidos a tratamiento.<\/li>\n\n\n\n<li><strong>Derecho de rectificaci\u00f3n:<\/strong> permite corregir errores, modificar los datos que resulten ser inexactos o incompletos y garantizar la certeza de la informaci\u00f3n objeto del tratamiento.<\/li>\n\n\n\n<li><strong>Derecho de supresi\u00f3n:<\/strong> permite solicitar la eliminaci\u00f3n de los datos objeto de tratamiento cuando ya no sean necesarios para la ejecuci\u00f3n o prestaci\u00f3n del servicio.<\/li>\n\n\n\n<li><strong>Derecho de oposici\u00f3n:<\/strong> derecho del interesado a que no se lleve a cabo el tratamiento de sus datos de car\u00e1cter personal o se cese en el mismo, salvo motivos leg\u00edtimos o para el ejercicio o defensa de posibles reclamaciones, en cuyo caso los mantendremos bloqueados durante el plazo correspondiente mientras persistan las obligaciones legales.<\/li>\n\n\n\n<li><strong>Derecho de oposici\u00f3n al env\u00edo de publicidad:<\/strong> Los interesados podr\u00e1n oponerse al env\u00edo de comunicaciones comerciales por parte de SCIP. En ese caso puede revocar en cualquier momento su consentimiento a recibir estas notificaciones utilizando el mecanismo implementado al efecto en las mismas, o bien, desde las preferencias de la cuenta de cliente.<\/li>\n\n\n\n<li><strong>Limitaci\u00f3n del tratamiento:<\/strong> En determinadas circunstancias, los interesados podr\u00e1n solicitar la limitaci\u00f3n del tratamiento de sus datos, en cuyo caso \u00fanicamente se conservar\u00e1n para el ejercicio o defensa de reclamaciones.<\/li>\n\n\n\n<li><strong>Portabilidad de los datos:<\/strong> las personas interesadas pueden solicitar recibir los datos que le incumban y que nos haya facilitado o que -siempre que t\u00e9cnicamente sea posible- se los enviemos a otro responsable de tratamiento de su elecci\u00f3n, en un formato estructurado de uso com\u00fan y lectura mec\u00e1nica.<\/li>\n\n\n\n<li><strong>Derecho a no ser objeto de decisiones individuales automatizadas<\/strong> (incluida la elaboraci\u00f3n de perfiles): derecho a no ser objeto de una decisi\u00f3n basada en el tratamiento automatizado que produzca efectos o afecte significativamente.<\/li>\n<\/ul>\n\n\n\n<p><strong>Datos de contacto para ejercer estos derechos:<\/strong> SCIP, en aplicaci\u00f3n de los art\u00edculos 37 y siguientes del Reglamento (UE) 2016\/679 de 27 de abril de 2016 (RGPD), cuenta con un <strong>Delegado de Protecci\u00f3n de Datos designado oficialmente ante la Autoridad de Control (agpd.es)<\/strong> y cuyos datos de contacto se detallan a continuaci\u00f3n:<\/p>\n\n\n\n<ul class=\"wp-block-list\">\n<li><strong>Direcci\u00f3n:<\/strong> C\/ Menestrals, 14, C.P. 07500 de Manacor (Illes Balears), Espa\u00f1a<\/li>\n\n\n\n<li><strong>Email de contacto:<\/strong> dpo@scip.es<\/li>\n<\/ul>\n\n\n\n<p><strong>Posibilidad de reclamar ante la Autoridad de Control:<\/strong> SCIP le informa igualmente del derecho que le asiste de presentar una reclamaci\u00f3n ante la Agencia Espa\u00f1ola de Protecci\u00f3n de Datos (www.agpd.es)si considera que el tratamiento no se ajusta a la normativa vigente.<\/p>\n\n\n\n<h3 class=\"wp-block-heading\" id=\"politica-privacidad-adicional\">Informaci\u00f3n adicional<\/h3>\n\n\n\n<p><strong>Conservaci\u00f3n de determinados datos:<\/strong> SCIP informa que, en cumplimiento de las disposiciones de la Ley 25\/2007, de 18 de octubre, de conservaci\u00f3n de datos relativos a las comunicaciones electr\u00f3nicas y a las redes p\u00fablicas de comunicaciones, deber\u00e1 proceder a retener y conservar determinados datos de tr\u00e1fico generados durante el desarrollo de las comunicaciones con la finalidad de cederlos a las autoridades legitimadas, cuando concurran las circunstancias legales en ella previstas.<\/p>\n\n\n\n<p><strong>Datos de WHOIS:<\/strong> Como requisito establecido por la ICANN u organizaci\u00f3n Registrante competente, el titular del Nombre de Dominio autoriza la publicaci\u00f3n de los datos relativos a la titularidad del Nombre de Dominio en cuesti\u00f3n y de los contactos administrativo, t\u00e9cnico y de facturaci\u00f3n que, seg\u00fan la normativa, deben ser p\u00fablicos y accesibles desde el whois de los registradores competentes.<\/p>\n\n\n\n<p><strong>Informaci\u00f3n de uso:<\/strong> Metadatos de los servicios. Cuando un usuario interact\u00faa con los Servicios, se guardan metadatos que proporcionan contexto adicional acerca del modo en que los usuarios operan.<\/p>\n\n\n\n<p><strong>Redes Sociales:<\/strong> SCIP cuenta con un perfil en las principales redes sociales de Internet (Facebook, Twitter, Instagram) sabi\u00e9ndose en todos los casos responsable del tratamiento de los datos de sus seguidores, fans, suscriptores, comentaristas y otros perfiles de usuarios (en adelante, seguidores). No obstante, en la medida en que el tratamiento de los datos personales se efect\u00faa en el marco de las redes sociales cuyos proveedores imponen unas reglas de funcionamiento, las obligaciones de SCIP se limitar\u00e1n a aquellos aspectos en los que tiene libertad para actuar. As\u00ed pues, SCIP podr\u00e1 informar a sus seguidores por cualquier v\u00eda que la red social permita sobre sus noticias, actividades o promociones. En ning\u00fan caso SCIP extraer\u00e1 datos de las redes sociales, a menos que se obtuviera concreta y expresamente el consentimiento del usuario para ello.<\/p>\n\n\n\n<p><strong>Datos registrados:<\/strong> Como en la mayor\u00eda de servicios suministrados por Internet, nuestros servidores recopilan informaci\u00f3n de manera autom\u00e1tica cuando el usuario utiliza los Servicios. Estos datos de registro pueden incluir la direcci\u00f3n IP, la identificaci\u00f3n del dispositivo desde el que se accede a los Servicios, el sistema operativo, la configuraci\u00f3n del dispositivo.<\/p>\n\n\n\n<p><strong>Medidas de seguridad:<\/strong> SCIP tiene implementados los mecanismos suficientes para:<\/p>\n\n\n\n<ul class=\"wp-block-list\">\n<li>Garantizar la confidencialidad, integridad, disponibilidad y resiliencia permanentes de los sistemas y servicios de tratamiento.<\/li>\n\n\n\n<li>Restaurar la disponibilidad y el acceso a los datos personales de forma r\u00e1pida, en caso de incidente f\u00edsico o t\u00e9cnico.<\/li>\n\n\n\n<li>Verificar, evaluar y valorar, de forma regular, la eficacia de las medidas t\u00e9cnicas y organizativas implantadas para garantizar la seguridad del tratamiento.<\/li>\n\n\n\n<li>Seudonimizar y cifrar los datos personales, en su caso.<\/li>\n<\/ul>\n","protected":false},"excerpt":{"rendered":"<p>En cumplimiento de la y la Ley Org\u00e1nica de Protecci\u00f3n de Datos y Garant\u00eda de Derechos Digitales y del Reglamento (UE) 2016\/679, del Parlamento Europeo y del Consejo, de 27 de abril de 2016 (en adelante, RGPD) esta Pol\u00edtica de Privacidad se aplica a los tratamientos de datos de car\u00e1cter personal que SOLUCIONES CORPORATIVAS IP, &#8230; <a title=\"Privacy Politicy\" class=\"read-more\" href=\"https:\/\/wannahop.es\/en\/politica-de-privacidad\/\" aria-label=\"Read more about Privacy Politicy\">Read more<\/a><\/p>\n","protected":false},"author":1,"featured_media":0,"parent":0,"menu_order":0,"comment_status":"closed","ping_status":"closed","template":"","meta":{"footnotes":""},"class_list":["post-2234","page","type-page","status-publish"],"_links":{"self":[{"href":"https:\/\/wannahop.es\/en\/wp-json\/wp\/v2\/pages\/2234","targetHints":{"allow":["GET"]}}],"collection":[{"href":"https:\/\/wannahop.es\/en\/wp-json\/wp\/v2\/pages"}],"about":[{"href":"https:\/\/wannahop.es\/en\/wp-json\/wp\/v2\/types\/page"}],"author":[{"embeddable":true,"href":"https:\/\/wannahop.es\/en\/wp-json\/wp\/v2\/users\/1"}],"replies":[{"embeddable":true,"href":"https:\/\/wannahop.es\/en\/wp-json\/wp\/v2\/comments?post=2234"}],"version-history":[{"count":1,"href":"https:\/\/wannahop.es\/en\/wp-json\/wp\/v2\/pages\/2234\/revisions"}],"predecessor-version":[{"id":5874,"href":"https:\/\/wannahop.es\/en\/wp-json\/wp\/v2\/pages\/2234\/revisions\/5874"}],"wp:attachment":[{"href":"https:\/\/wannahop.es\/en\/wp-json\/wp\/v2\/media?parent=2234"}],"curies":[{"name":"wp","href":"https:\/\/api.w.org\/{rel}","templated":true}]}}